{"id":1903,"date":"2016-04-01T08:47:27","date_gmt":"2016-04-01T08:47:27","guid":{"rendered":"http:\/\/www.grupocopo.com\/en\/?page_id=1903"},"modified":"2016-04-01T08:47:27","modified_gmt":"2016-04-01T08:47:27","slug":"privacy-policy-componentes-de-vehiculos-de-galicia-s-a","status":"publish","type":"page","link":"https:\/\/www.grupocopo.com\/en\/privacy-policy\/privacy-policy-componentes-de-vehiculos-de-galicia-s-a\/","title":{"rendered":"Privacy Policy &#8211; Componentes de Veh\u00edculos de Galicia, S.A."},"content":{"rendered":"<div class=\"wpb-content-wrapper\"><p>[vc_row fullwidth=&#8221;yes&#8221; css=&#8221;.vc_custom_1433784225680{background-color: #eaeaea !important;background-position: center !important;background-repeat: no-repeat !important;background-size: cover !important;}&#8221; el_class=&#8221;centrado&#8221;][vc_column css=&#8221;.vc_custom_1416918044688{padding-top: 0px !important;padding-bottom: 15% !important;}&#8221;][\/vc_column][\/vc_row][vc_row css=&#8221;.vc_custom_1417454303537{background-color: #ffffff !important;background-position: center !important;background-repeat: no-repeat !important;background-size: cover !important;}&#8221;][vc_column css=&#8221;.vc_custom_1417455023913{background-color: #ffffff !important;}&#8221;][vc_column_text]<\/p>\n<h1 class=\"seccion-titulo-legal\">Privacy Policy &#8211; Componentes de Veh\u00edculos de Galicia S.A.<\/h1>\n<p>[\/vc_column_text][\/vc_column][\/vc_row][vc_row css=&#8221;.vc_custom_1417454303537{background-color: #ffffff !important;background-position: center !important;background-repeat: no-repeat !important;background-size: cover !important;}&#8221;][vc_column css=&#8221;.vc_custom_1417455023913{background-color: #ffffff !important;}&#8221;][vc_column_text css=&#8221;.vc_custom_1459500424847{padding-right: 15px !important;padding-bottom: 20px !important;padding-left: 15px !important;}&#8221;]<\/p>\n<h4 class=\"titulo-infolegal\"><i class=\"fa fa-chevron-right\"><\/i>COMPONENTES DE VEH\u00cdCULOS DE GALICIA, S.A.<\/h4>\n<p>&nbsp;<\/p>\n<p style=\"text-align: justify;\"><strong>Data Protection Policy <span style=\"color: #4897dc;\">(Clients\u2019 file)<\/span><\/strong><\/p>\n<p style=\"text-align: justify;\">In compliance with the Spanish law 15 \/ 1999 on the protection of personal data, Components de Veh\u00edculos de Galicia S.A. informs you that your personal data will be included in the file of clients of this society for the purpose of client management and billing; sales management and cash receipts and payments; data storage and data required by the tax rules and commercial matters related to trade.<\/p>\n<p style=\"text-align: justify;\">You may revoke your consent and exercise your rights of access, rectification, deletion and opposition with the responsible for the file, Componentes de Veh\u00edculos de Galicia S.A. on the following address: Pol\u00edgono Industrial Las G\u00e1ndaras, Parcela 101, 36400, Porri\u00f1o (Pontevedra).<\/p>\n<p>&nbsp;<\/p>\n<p style=\"text-align: justify;\"><strong>Data Protection Policy <span style=\"color: #4897dc;\">(Suppliers\u2019 File)<\/span><\/strong><\/p>\n<p style=\"text-align: justify;\">In compliance with the Spanish law 15 \/ 1999 on the protection of personal data, and regulation that is based on, Componentes de Veh\u00edculos de Galicia S.A. informs you that your personal data will be included in the file of suppliers and creditors of this society for the purpose of carrying out purchases management, billing and of suppliers; cash receipts management and payments and to obtain records of trade relations.<\/p>\n<p style=\"text-align: justify;\">You may revoke your consent and exercise your rights of access, rectification, deletion and opposition with the responsible for the file, Componentes de Veh\u00edculos de Galicia S.A. on the following address: Pol\u00edgono Industrial Las G\u00e1ndaras, Parcela 101, 36400, Porri\u00f1o (Pontevedra).<\/p>\n<p>[\/vc_column_text][\/vc_column][\/vc_row][vc_row css=&#8221;.vc_custom_1417006158533{padding-top: 30px !important;padding-bottom: 30px !important;background-color: #ffffff !important;}&#8221;][vc_column][\/vc_column][\/vc_row]<\/p>\n<\/div>","protected":false},"excerpt":{"rendered":"<p>[vc_row fullwidth=&#8221;yes&#8221; css=&#8221;.vc_custom_1433784225680{background-color: #eaeaea !important;background-position: center !important;background-repeat: no-repeat !important;background-size: cover !important;}&#8221; el_class=&#8221;centrado&#8221;][vc_column css=&#8221;.vc_custom_1416918044688{padding-top: 0px !important;padding-bottom: 15% !important;}&#8221;][\/vc_column][\/vc_row][vc_row css=&#8221;.vc_custom_1417454303537{background-color: #ffffff !important;background-position: center !important;background-repeat: no-repeat !important;background-size: cover !important;}&#8221;][vc_column css=&#8221;.vc_custom_1417455023913{background-color: #ffffff !important;}&#8221;][vc_column_text] Privacy Policy &#8211; Componentes de Veh\u00edculos de Galicia S.A. [\/vc_column_text][\/vc_column][\/vc_row][vc_row css=&#8221;.vc_custom_1417454303537{background-color: #ffffff !important;background-position: center !important;background-repeat: no-repeat !important;background-size: cover !important;}&#8221;][vc_column css=&#8221;.vc_custom_1417455023913{background-color: #ffffff !important;}&#8221;][vc_column_text css=&#8221;.vc_custom_1459500424847{padding-right: 15px !important;padding-bottom: 20px [&hellip;]<\/p>\n","protected":false},"author":1,"featured_media":0,"parent":1880,"menu_order":0,"comment_status":"closed","ping_status":"closed","template":"template-home.php","meta":{"footnotes":""},"class_list":["post-1903","page","type-page","status-publish","hentry"],"_links":{"self":[{"href":"https:\/\/www.grupocopo.com\/en\/wp-json\/wp\/v2\/pages\/1903"}],"collection":[{"href":"https:\/\/www.grupocopo.com\/en\/wp-json\/wp\/v2\/pages"}],"about":[{"href":"https:\/\/www.grupocopo.com\/en\/wp-json\/wp\/v2\/types\/page"}],"author":[{"embeddable":true,"href":"https:\/\/www.grupocopo.com\/en\/wp-json\/wp\/v2\/users\/1"}],"replies":[{"embeddable":true,"href":"https:\/\/www.grupocopo.com\/en\/wp-json\/wp\/v2\/comments?post=1903"}],"version-history":[{"count":1,"href":"https:\/\/www.grupocopo.com\/en\/wp-json\/wp\/v2\/pages\/1903\/revisions"}],"predecessor-version":[{"id":1904,"href":"https:\/\/www.grupocopo.com\/en\/wp-json\/wp\/v2\/pages\/1903\/revisions\/1904"}],"up":[{"embeddable":true,"href":"https:\/\/www.grupocopo.com\/en\/wp-json\/wp\/v2\/pages\/1880"}],"wp:attachment":[{"href":"https:\/\/www.grupocopo.com\/en\/wp-json\/wp\/v2\/media?parent=1903"}],"curies":[{"name":"wp","href":"https:\/\/api.w.org\/{rel}","templated":true}]}}